{"id":2,"date":"2023-10-16T05:01:57","date_gmt":"2023-10-16T05:01:57","guid":{"rendered":"https:\/\/news.romaniatravel.guide\/?page_id=2"},"modified":"2025-10-30T05:47:51","modified_gmt":"2025-10-30T05:47:51","slug":"sample-page","status":"publish","type":"page","link":"https:\/\/news.romaniatravel.guide\/","title":{"rendered":"Homepage"},"content":{"rendered":"<div class=\"wpb-content-wrapper\"><p>[vc_row][vc_column][vc_column_text]<\/p>\r\n<p>&nbsp;<\/p>\r\n\r\n<p>&nbsp;<\/p>\r\n<p>[\/vc_column_text][\/vc_column][\/vc_row][vc_row][vc_column][\/vc_column][\/vc_row][vc_row css=&#8221;.vc_custom_1502013634006{padding-top: 30px !important;padding-bottom: 30px !important;}&#8221;][vc_column][vc_single_image image=&#8221;345&#8243; img_size=&#8221;full&#8221; alignment=&#8221;center&#8221; onclick=&#8221;custom_link&#8221; img_link_target=&#8221;_blank&#8221; link=&#8221;https:\/\/themeforest.net\/user\/withemes\/portfolio&#8221;][\/vc_column][\/vc_row][vc_row][vc_column]<div class=\"radians-element wpb_content_element radians-element-post_grid \" id=\"post_grid-1\"><div class=\"radians-blog blog-grid post-grid column-4\"><div class=\"blog-inner\"><div class=\"lines\"><div class=\"line\"><\/div><div class=\"line\"><\/div><div class=\"line\"><\/div><\/div>\n<div class=\"post-grid-item post-16 post type-post status-publish format-standard has-post-thumbnail hentry category-uncategorized\">\n    \n    <div class=\"post-grid-item-inner\">\n\n                <figure class=\"post-grid-thumbnail\">\n\n            <a href=\"https:\/\/news.romaniatravel.guide\/?p=16\">\n                \n                <img loading=\"lazy\" decoding=\"async\" width=\"360\" height=\"300\" src=\"https:\/\/news.romaniatravel.guide\/wp-content\/uploads\/2023\/10\/planespotting-2247067_1920-360x300.jpg\" class=\"attachment-radians_medium size-radians_medium wp-post-image\" alt=\"\" srcset=\"https:\/\/news.romaniatravel.guide\/wp-content\/uploads\/2023\/10\/planespotting-2247067_1920-360x300.jpg 360w, https:\/\/news.romaniatravel.guide\/wp-content\/uploads\/2023\/10\/planespotting-2247067_1920-600x500.jpg 600w\" sizes=\"auto, (max-width: 360px) 100vw, 360px\" \/>                \n                                \n            <\/a>\n\n        <\/figure>\n        \n        <div class=\"post-grid-content\">\n\n                        \n                    \n<div class=\"entry-meta\">\n    \n    \n<\/div><!-- .entry-meta -->\n    \n                \n            \n            <h2 class=\"post-grid-title\">\n                <a href=\"https:\/\/news.romaniatravel.guide\/?p=16\" rel=\"bookmark\">\n                    Extinderea Wizz Air la Bucure\u0219ti: 19 aeronave \u0219i o rut\u0103 nou\u0103                <\/a>\n            <\/h2><!-- .post-grid-title -->\n\n                        <div class=\"post-grid-excerpt\">\n                De la zborul s\u0103u inaugural din Rom\u00e2nia, \u00een 2006, Wizz Air a devenit cea mai important\u0103 op\u021biune de transport aerian \u00een Rom\u00e2nia. Wizz Air&hellip;\n            <\/div>\n            \n            \n        <\/div><!-- post-grid-content -->\n        \n    <\/div>\n\n<\/div><!-- .post-grid-item -->\n\n\n<div class=\"post-grid-item post-44 post type-post status-publish format-standard has-post-thumbnail hentry category-uncategorized\">\n    \n    <div class=\"post-grid-item-inner\">\n\n                <figure class=\"post-grid-thumbnail\">\n\n            <a href=\"https:\/\/news.romaniatravel.guide\/?p=44\">\n                \n                <img loading=\"lazy\" decoding=\"async\" width=\"360\" height=\"300\" src=\"https:\/\/news.romaniatravel.guide\/wp-content\/uploads\/2023\/11\/d242d1a8d545207f565a4d34ddd0b4b7_XL-360x300.jpg\" class=\"attachment-radians_medium size-radians_medium wp-post-image\" alt=\"\" \/>                \n                                \n            <\/a>\n\n        <\/figure>\n        \n        <div class=\"post-grid-content\">\n\n                        \n                    \n<div class=\"entry-meta\">\n    \n    \n<\/div><!-- .entry-meta -->\n    \n                \n            \n            <h2 class=\"post-grid-title\">\n                <a href=\"https:\/\/news.romaniatravel.guide\/?p=44\" rel=\"bookmark\">\n                    &#8220;Salinate de Turda&#8221; &#8211; O Delicates\u0103 Rom\u00e2neasc\u0103 Protejat\u0103 la Nivel European                <\/a>\n            <\/h2><!-- .post-grid-title -->\n\n                        <div class=\"post-grid-excerpt\">\n                &#8220;Salinate de Turda&#8221;, un produs tradi\u021bional rom\u00e2nesc, a fost recent recunoscut pe plan interna\u021bional prin aprobarea Comisiei Europene de a fi inclus \u00een lista&hellip;\n            <\/div>\n            \n            \n        <\/div><!-- post-grid-content -->\n        \n    <\/div>\n\n<\/div><!-- .post-grid-item -->\n\n\n<div class=\"post-grid-item post-47 post type-post status-publish format-standard hentry category-uncategorized\">\n    \n    <div class=\"post-grid-item-inner\">\n\n        \n        <div class=\"post-grid-content\">\n\n                        \n                    \n<div class=\"entry-meta\">\n    \n    \n<\/div><!-- .entry-meta -->\n    \n                \n            \n            <h2 class=\"post-grid-title\">\n                <a href=\"https:\/\/news.romaniatravel.guide\/?p=47\" rel=\"bookmark\">\n                    Ascensiunea Turismului \u00een Par\u00e2ng: Drumul Jude\u021bean 709F Asfaltat Complet p\u00e2n\u0103 la Cota 1700                <\/a>\n            <\/h2><!-- .post-grid-title -->\n\n                        <div class=\"post-grid-excerpt\">\n                Pe data de 4 octombrie 2023, s-a marcat finalizarea asfalt\u0103rii Drumului Jude\u021bean 709F \u00een pitorescul masiv Par\u00e2ng, ajung\u00e2nd la cota impresionant\u0103 de 1700 de&hellip;\n            <\/div>\n            \n            \n        <\/div><!-- post-grid-content -->\n        \n    <\/div>\n\n<\/div><!-- .post-grid-item -->\n\n<\/div><\/div><\/div>[\/vc_column][\/vc_row][vc_row][vc_column]<div class=\"radians-element wpb_content_element radians-element-heading \" id=\"heading-1\"><div class=\"radians-heading heading-medium\">\n    \n    <div class=\"heading-container\">\n\n        <h2 class=\"heading-title\">Trending Articles<\/h2>        \n            \n        <p class=\"heading-subtitle\">\n\n            Articles most viewed this week\n        <\/p>\n\n                \n        \n    <\/div><!-- .heading-container -->\n\n<\/div><!-- .radians-heading --><\/div>[\/vc_column][\/vc_row][vc_row css=&#8221;.vc_custom_1501754978651{padding-bottom: 40px !important;}&#8221;][vc_column width=&#8221;5\/6&#8243; offset=&#8221;vc_col-sm-offset-1&#8243;]<div class=\"radians-button button-block button-half\" id=\"button-1\"><a href=\"#\" class=\"radians-btn btn-fill has-icon\"><span>All Trending Articles<\/span><i class=\"fa fa-angle-double-right\"><\/i><\/a><\/div>[\/vc_column][\/vc_row][vc_row][vc_column][vc_separator color=&#8221;custom&#8221; accent_color=&#8221;#e0e1e0&#8243;][\/vc_column][\/vc_row][vc_row][vc_column]<div class=\"radians-element wpb_content_element radians-element-heading \" id=\"heading-2\"><div class=\"radians-heading heading-medium\">\n    \n    <div class=\"heading-container\">\n\n        <h2 class=\"heading-title\">Recent Posts<\/h2>        \n            \n        <p class=\"heading-subtitle\">\n\n            get the latest news from Lifestyle\n        <\/p>\n\n                \n        \n    <\/div><!-- .heading-container -->\n\n<\/div><!-- .radians-heading --><\/div>[\/vc_column][\/vc_row][vc_row][vc_column][\/vc_column][\/vc_row][vc_row][vc_column]<div class=\"radians-element wpb_content_element radians-element-heading \" id=\"heading-3\"><div class=\"radians-heading heading-medium\">\n    \n    <div class=\"heading-container\">\n\n        <h2 class=\"heading-title\">Our Contributors<\/h2>        \n                \n        \n    <\/div><!-- .heading-container -->\n\n<\/div><!-- .radians-heading --><\/div><div class=\"radians-element wpb_content_element radians-element-authorlist \" id=\"authorlist-1\"><div class=\"radians-authorlist column-4\"><div class=\"authorlist-inner\"><div class=\"lines\"><div class=\"line\"><\/div><div class=\"line\"><\/div><div class=\"line\"><\/div><\/div>    \n<div class=\"author-item\">\n\n    <div class=\"author-avatar\">\n        \n        <a href=\"https:\/\/news.romaniatravel.guide\/?author=1\">\n            \n            <img alt='' src='https:\/\/secure.gravatar.com\/avatar\/886232c29d8dbc20b4a8d2fd3cd73ebd17c6398373d3dbf3d5b4b9eec9b82769?s=150&#038;d=mm&#038;r=g' srcset='https:\/\/secure.gravatar.com\/avatar\/886232c29d8dbc20b4a8d2fd3cd73ebd17c6398373d3dbf3d5b4b9eec9b82769?s=300&#038;d=mm&#038;r=g 2x' class='avatar avatar-150 photo' height='150' width='150' \/>            \n        <\/a>\n        \n    <\/div><!-- .author-avatar -->\n    \n    <div class=\"author-content\">\n    \n        <h3 class=\"author-name\">\n            <a href=\"https:\/\/news.romaniatravel.guide\/?author=1\">admin<\/a>\n        <\/h3>\n        \n            \n    <\/div><!-- .author-content -->\n\n<\/div><!-- .author-item -->\n\n<\/div><\/div><\/div>[\/vc_column][\/vc_row][vc_row css=&#8221;.vc_custom_1501755230485{padding-top: 20px !important;padding-bottom: 20px !important;}&#8221;][vc_column]<div class=\"radians-element wpb_content_element radians-element-heading \" id=\"heading-4\"><div class=\"radians-heading heading-medium\">\n    \n    <div class=\"heading-container\">\n\n        <h2 class=\"heading-title\">Follow Us on Instagram<\/h2>        \n                \n        \n    <\/div><!-- .heading-container -->\n\n<\/div><!-- .radians-heading --><\/div><div class=\"radians-element wpb_content_element radians-element-radians_instagram \" id=\"radians_instagram-1\"><\/div><!-- .radians-instagram --><\/div><div class=\"radians-button button-inline button-center\" id=\"button-2\"><a href=\"https:\/\/www.instagram.com\/\" target=\"_blank\" style=\"color:#ffffff;background:#5185a6\" class=\"radians-btn btn-primary has-icon\"><span>Follow Us on Instagram<\/span><i class=\"fa fa-instagram\"><\/i><\/a><\/div>[\/vc_column][\/vc_row]<\/p><!-- \/wp:post-content --><\/div>","protected":false},"excerpt":{"rendered":"<p>[vc_row][vc_column][vc_column_text] &nbsp; &nbsp; [\/vc_column_text][\/vc_column][\/vc_row][vc_row][vc_column][\/vc_column][\/vc_row][vc_row css=&#8221;.vc_custom_1502013634006{padding-top: 30px !important;padding-bottom: 30px !important;}&#8221;][vc_column][vc_single_image image=&#8221;345&#8243; img_size=&#8221;full&#8221; alignment=&#8221;center&#8221; onclick=&#8221;custom_link&#8221; img_link_target=&#8221;_blank&#8221; link=&#8221;https:\/\/themeforest.net\/user\/withemes\/portfolio&#8221;][\/vc_column][\/vc_row][vc_row][vc_column][\/vc_column][\/vc_row][vc_row][vc_column][\/vc_column][\/vc_row][vc_row css=&#8221;.vc_custom_1501754978651{padding-bottom: 40px !important;}&#8221;][vc_column width=&#8221;5\/6&#8243; offset=&#8221;vc_col-sm-offset-1&#8243;][\/vc_column][\/vc_row][vc_row][vc_column][vc_separator color=&#8221;custom&#8221; accent_color=&#8221;#e0e1e0&#8243;][\/vc_column][\/vc_row][vc_row][vc_column][\/vc_column][\/vc_row][vc_row][vc_column][\/vc_column][\/vc_row][vc_row][vc_column][\/vc_column][\/vc_row][vc_row css=&#8221;.vc_custom_1501755230485{padding-top: 20px !important;padding-bottom: 20px !important;}&#8221;][vc_column][\/vc_column][\/vc_row]<\/p>\n","protected":false},"author":1,"featured_media":0,"parent":0,"menu_order":0,"comment_status":"closed","ping_status":"closed","template":"","meta":{"footnotes":""},"class_list":["post-2","page","type-page","status-publish","hentry"],"_links":{"self":[{"href":"https:\/\/news.romaniatravel.guide\/index.php?rest_route=\/wp\/v2\/pages\/2","targetHints":{"allow":["GET"]}}],"collection":[{"href":"https:\/\/news.romaniatravel.guide\/index.php?rest_route=\/wp\/v2\/pages"}],"about":[{"href":"https:\/\/news.romaniatravel.guide\/index.php?rest_route=\/wp\/v2\/types\/page"}],"author":[{"embeddable":true,"href":"https:\/\/news.romaniatravel.guide\/index.php?rest_route=\/wp\/v2\/users\/1"}],"replies":[{"embeddable":true,"href":"https:\/\/news.romaniatravel.guide\/index.php?rest_route=%2Fwp%2Fv2%2Fcomments&post=2"}],"version-history":[{"count":4,"href":"https:\/\/news.romaniatravel.guide\/index.php?rest_route=\/wp\/v2\/pages\/2\/revisions"}],"predecessor-version":[{"id":51,"href":"https:\/\/news.romaniatravel.guide\/index.php?rest_route=\/wp\/v2\/pages\/2\/revisions\/51"}],"wp:attachment":[{"href":"https:\/\/news.romaniatravel.guide\/index.php?rest_route=%2Fwp%2Fv2%2Fmedia&parent=2"}],"curies":[{"name":"wp","href":"https:\/\/api.w.org\/{rel}","templated":true}]}}